{"id":2406,"date":"2025-03-11T15:40:12","date_gmt":"2025-03-11T15:40:12","guid":{"rendered":"https:\/\/emasunde.com\/?page_id=2406"},"modified":"2025-10-27T11:47:38","modified_gmt":"2025-10-27T11:47:38","slug":"zivotopis","status":"publish","type":"page","link":"https:\/\/emasunde.com\/en\/resume\/","title":{"rendered":"Resume"},"content":{"rendered":"\r\n<p class=\"has-white-background-color has-background tw-block-animation tw-animation-fade-in\"><strong>THEATRE<\/strong>:<br>2020 \u2013 <em>Time<\/em> \u2013 co-production of ZKM and the Ukrainian art organization U!ZAHVATI!, ZKM<br>\r\n2021 \u2013 <em>Animal Farm<\/em> directed by Kre\u0161imir Dolen\u010di\u0107, Vatroslav Lisinski Concert Hall<br>\r\n(Awarded the Rector\u2019s Award)<br>\r\n2022 \u2013 Participation in the opening ceremony of the Dubrovnik Summer Festival, directed by Aida Bukvi\u0107<br>\r\n2022 \u2013 <em>Dante\u2019s Inferno \u2013 Embodiment of the Soul<\/em>, an original project directed by Marin Kli\u0161mani\u0107, co-produced by Teatar &amp;TD and the artistic organization RUPER, Teatar &amp;TD<br>\r\n2022 \u2013 <em>A Poem Unfair<\/em>, performance directed by Luka Ked\u017eo, Gara\u017ea Kamba<br>\r\n2023 \u2013 <em>Beasts<\/em>, an original project directed by Kristina Grubi\u0161a, Teatar &amp;TD<br>\r\n2023 \u2013 Concert reading of <em>Like Palms<\/em> by Luka Bosanac, Crni Ma\u010dak<br>\r\n2023 \u2013 <em>The Wild Ass\u2019s Skin<\/em> by Honor\u00e9 de Balzac, radio drama directed by Iva Srnec Hamer, Croatian Radio (HRT)<br>\r\n2024 \u2013 <em>The Princess and the Pea<\/em>, directed by Iva Srnec Hamer, Dubrava Children\u2019s Theatre<br>\r\n2024 \u2013 <em>Spring Awakening<\/em>, directed by Patrik Se\u010den, Teatar &amp;TD<br>\r\n2024 \u2013 <em>Half-Dream<\/em>, written by Dina Vukeli\u0107, directed by Iva Srnec Hamer, co-production of EMPIRA TEATAR and Youth Centre Ribnjak<br>\r\n2024 \u2013 <em>How Dawn Awakened Spring<\/em>, live radio drama directed by Kristina Grubi\u0161a, Khaos Kolektiv<br>\r\n2024 \u2013 <em>Carpet on the Spit<\/em>, a children\u2019s play directed by Hrvoje Korbar, written by Jasna Jasna \u017dmak, produced by INK City Theatre Pula<br>\r\n2025 \u2013 <em>Girls with Horns<\/em>, an original project by K. Grubi\u0161a and K. Leko, Teatar &amp;TD<\/p>\r\n\r\n\r\n\r\n<p class=\"has-white-background-color has-background\"><\/p>\r\n\r\n\r\n\r\n<p class=\"has-white-background-color has-background tw-block-animation tw-animation-fade-in\"><strong>FILM \/ TV<\/strong>:<br>\r\n2021 \u2013 <em>Gambit<\/em>, graduate BA film project by director Vida Skerk, co-production of the Academy of Dramatic Art and HAVC<br>\r\n2022 \u2013 <em>Diptych<\/em>, hybrid animated and live-action short film, co-production of the Academy of Fine Arts and HAVC, directed by Sara Tomas<br>\r\nPremiered at:<br>\r\n\u2013 50th Animafest<br>\r\n\u2013 69th Pula Film Festival<br>\r\n\u2013 54th Croatian Youth Film Review<br>\r\n\u2013 3rd Prize \u2013 ASIF<br>\r\n2022 \u2013 <em>Rich Grandma<\/em>, graduate BA film project by director Matej Matijevi\u0107, co-production of the Academy of Dramatic Art and HAVC<br>\r\n2023 \u2013 <em>She<\/em>, graduate BA film project by cinematographer Kala Eror, co-production of the Academy of Dramatic Art and HAVC<br>\r\n2024 \u2013 <em>To Escape Somewhere<\/em>, graduate BA film project by Ivan Kratofil, co-production of the Academy of Dramatic Art and HAVC<\/p>\r\n\r\n\r\n\r\n<p class=\"has-white-background-color has-background\"><\/p>\r\n\r\n\r\n\r\n<p class=\"has-white-background-color has-background tw-block-animation tw-animation-fade-in\"><strong>PEDAGOGY<\/strong>:<br>\r\nSince 2023 \u2013 Drama workshop leader (substitute) at Tre\u0161nja Theatre and Tre\u0161njevka Cultural Centre<br>\r\n\u2013 Leading groups aged 6\u201318 at Tre\u0161nja Theatre and 25\u201365 at KC Tre\u0161njevka<br>\r\nSince 2023 \u2013 Freelance workshop leader within EmpiriEDU, part of EMPIRIA TEATAR \u2013 educational, interactive, research-based and participatory workshops<br>\r\n2024 \u2013 Member of the evaluation committee for the Croatian Review of Literary, Drama, and Journalism Creativity at the county-level LiDraNo festival<\/p>\r\n","protected":false},"excerpt":{"rendered":"<p>THEATRE:2020 \u2013 Time \u2013 co-production of ZKM and the Ukrainian art organization U!ZAHVATI!, ZKM 2021 \u2013 Animal Farm directed by Kre\u0161imir Dolen\u010di\u0107, Vatroslav Lisinski Concert Hall (Awarded the Rector\u2019s Award) 2022 \u2013 Participation in the opening ceremony of the Dubrovnik Summer Festival, directed by Aida Bukvi\u0107 2022 \u2013 Dante\u2019s Inferno \u2013 Embodiment of the Soul, an original project directed by Marin Kli\u0161mani\u0107, co-produced by Teatar &amp;TD and the artistic organization<\/p>\n<div class=\"read-more\"><a class=\"btn read-more-btn\" href=\"https:\/\/emasunde.com\/en\/resume\/\">Read More<\/a><\/div>\n","protected":false},"author":1,"featured_media":0,"parent":0,"menu_order":0,"comment_status":"closed","ping_status":"closed","template":"","meta":{"_vp_format_video_url":"","_vp_image_focal_point":[],"footnotes":""},"class_list":["post-2406","page","type-page","status-publish","hentry"],"aioseo_notices":[],"featured_media_urls":[],"_links":{"self":[{"href":"https:\/\/emasunde.com\/en\/wp-json\/wp\/v2\/pages\/2406","targetHints":{"allow":["GET"]}}],"collection":[{"href":"https:\/\/emasunde.com\/en\/wp-json\/wp\/v2\/pages"}],"about":[{"href":"https:\/\/emasunde.com\/en\/wp-json\/wp\/v2\/types\/page"}],"author":[{"embeddable":true,"href":"https:\/\/emasunde.com\/en\/wp-json\/wp\/v2\/users\/1"}],"replies":[{"embeddable":true,"href":"https:\/\/emasunde.com\/en\/wp-json\/wp\/v2\/comments?post=2406"}],"version-history":[{"count":30,"href":"https:\/\/emasunde.com\/en\/wp-json\/wp\/v2\/pages\/2406\/revisions"}],"predecessor-version":[{"id":2772,"href":"https:\/\/emasunde.com\/en\/wp-json\/wp\/v2\/pages\/2406\/revisions\/2772"}],"wp:attachment":[{"href":"https:\/\/emasunde.com\/en\/wp-json\/wp\/v2\/media?parent=2406"}],"curies":[{"name":"wp","href":"https:\/\/api.w.org\/{rel}","templated":true}]}}